{"id":10412,"date":"2023-12-20T09:47:45","date_gmt":"2023-12-20T09:47:45","guid":{"rendered":"https:\/\/wp.dynamiclayers.net\/enova-importer\/?page_id=10412"},"modified":"2025-02-16T17:52:23","modified_gmt":"2025-02-16T17:52:23","slug":"free-tax-help","status":"publish","type":"page","link":"https:\/\/aedpc.org\/es\/free-tax-help\/","title":{"rendered":"Ayuda Gratuita con Impuestos"},"content":{"rendered":"<div data-elementor-type=\"wp-page\" data-elementor-id=\"10412\" class=\"elementor elementor-10412\">\n\t\t\t\t\t\t<section class=\"elementor-section elementor-top-section elementor-element elementor-element-17a513b elementor-section-height-min-height elementor-section-boxed elementor-section-height-default elementor-section-items-middle\" data-id=\"17a513b\" data-element_type=\"section\" data-settings=\"{&quot;background_background&quot;:&quot;classic&quot;}\">\n\t\t\t\t\t\t<div class=\"elementor-container elementor-column-gap-default\">\n\t\t\t\t\t<div class=\"elementor-column elementor-col-100 elementor-top-column elementor-element elementor-element-bdbd51b\" data-id=\"bdbd51b\" data-element_type=\"column\">\n\t\t\t<div class=\"elementor-widget-wrap elementor-element-populated\">\n\t\t\t\t\t\t<div class=\"elementor-element elementor-element-1c03f51 elementor-widget elementor-widget-wt_bs_heading\" data-id=\"1c03f51\" data-element_type=\"widget\" data-widget_type=\"wt_bs_heading.default\">\n\t\t\t\t<div class=\"elementor-widget-container\">\n\t\t\t\t\t\t\t<div id=\"wt-at-1c03f51\" class=\"headng-wrap center\">\n\t\t\t<div class=\"section-heading\">\n\t\t\t\t\t\t\t<h4\n\t\t\t\t\t\t\t\t>AYUDA GRATUITA CON IMPUESTOS<\/h4>\n\t\t\t\t\t\t\t\t\t\t\t\t<h2\n\t\t\t\t\t\t\t\t>Servicios gratuitos de preparaci\u00f3n de impuestos para ayudar a personas y familias elegibles.<\/h2>\n\t\t\t\t\t\t\t\t\t\t\t\t<p \t\t\t\t>Nuestro enfoque prospera en la intersecci\u00f3n entre la investigaci\u00f3n de mercado basada en datos<br> and traditional management consultancies.<\/p>\n\t\t\t\t\t\t\t<\/div>\n\t\t<\/div>\n\n\t\t\t\t\t<\/div>\n\t\t\t\t<\/div>\n\t\t\t\t\t<\/div>\n\t\t<\/div>\n\t\t\t\t\t<\/div>\n\t\t<\/section>\n\t\t\t\t<section class=\"elementor-section elementor-top-section elementor-element elementor-element-33f792b elementor-section-content-middle elementor-section-boxed elementor-section-height-default elementor-section-height-default\" data-id=\"33f792b\" data-element_type=\"section\" data-settings=\"{&quot;background_background&quot;:&quot;classic&quot;}\">\n\t\t\t\t\t\t<div class=\"elementor-container elementor-column-gap-default\">\n\t\t\t\t\t<div class=\"elementor-column elementor-col-100 elementor-top-column elementor-element elementor-element-6cf913d\" data-id=\"6cf913d\" data-element_type=\"column\">\n\t\t\t<div class=\"elementor-widget-wrap elementor-element-populated\">\n\t\t\t\t\t\t<div class=\"elementor-element elementor-element-36a978d elementor-invisible elementor-widget elementor-widget-wt_bs_heading\" data-id=\"36a978d\" data-element_type=\"widget\" data-settings=\"{&quot;_animation&quot;:&quot;fadeInUp&quot;}\" data-widget_type=\"wt_bs_heading.default\">\n\t\t\t\t<div class=\"elementor-widget-container\">\n\t\t\t\t\t\t\t<div id=\"wt-at-36a978d\" class=\"headng-wrap left\">\n\t\t\t<div class=\"section-heading\">\n\t\t\t\t\t\t\t\t\t\t\t<h2\n\t\t\t\t\t\t\t\t>Asistencia fiscal confiable y gratuita para nuestra comunidad<\/h2>\n\t\t\t\t\t\t\t\t\t\t\t\t<p \t\t\t\t>En Azteca Economic Development, somos miembros orgullosos del Programa Laredo VITA (Asistencia Voluntaria para el Impuesto sobre la Renta), que ofrece servicios gratuitos de preparaci\u00f3n de impuestos a personas y familias que califican en nuestra comunidad. A trav\u00e9s de esta iniciativa, garantizamos que los contribuyentes reciban asistencia precisa y segura para presentar sus declaraciones de impuestos, maximizar los reembolsos y reclamar todos los cr\u00e9ditos fiscales elegibles.<\/p>\n\t\t\t\t\t\t\t<\/div>\n\t\t<\/div>\n\n\t\t\t\t\t<\/div>\n\t\t\t\t<\/div>\n\t\t\t\t\t<\/div>\n\t\t<\/div>\n\t\t\t\t\t<\/div>\n\t\t<\/section>\n\t\t\t\t<section class=\"elementor-section elementor-top-section elementor-element elementor-element-5223371 elementor-section-content-middle elementor-section-boxed elementor-section-height-default elementor-section-height-default\" data-id=\"5223371\" data-element_type=\"section\" data-settings=\"{&quot;background_background&quot;:&quot;classic&quot;}\">\n\t\t\t\t\t\t<div class=\"elementor-container elementor-column-gap-default\">\n\t\t\t\t\t<div class=\"elementor-column elementor-col-50 elementor-top-column elementor-element elementor-element-73df679 elementor-invisible\" data-id=\"73df679\" data-element_type=\"column\" data-settings=\"{&quot;animation&quot;:&quot;fadeInLeft&quot;}\">\n\t\t\t<div class=\"elementor-widget-wrap elementor-element-populated\">\n\t\t\t\t\t\t<div class=\"elementor-element elementor-element-fd2d1bb elementor-widget elementor-widget-wt_bs_heading\" data-id=\"fd2d1bb\" data-element_type=\"widget\" data-widget_type=\"wt_bs_heading.default\">\n\t\t\t\t<div class=\"elementor-widget-container\">\n\t\t\t\t\t\t\t<div id=\"wt-at-fd2d1bb\" class=\"headng-wrap left\">\n\t\t\t<div class=\"section-heading\">\n\t\t\t\t\t\t\t\t\t\t\t<h2\n\t\t\t\t\t\t\t\t>\u00bfQu\u00e9 es el Programa VITA?<\/h2>\n\t\t\t\t\t\t\t\t\t\t\t\t<p \t\t\t\t>El Programa de Asistencia Voluntaria para la Preparaci\u00f3n de Impuestos (VITA) es una iniciativa a nivel nacional respaldada por el IRS, dise\u00f1ada para ayudar a contribuyentes de bajos y medianos ingresos con servicios gratuitos y confiables de preparaci\u00f3n de impuestos.\n\n<br><br>En Azteca Economic Development, operamos el \u00fanico sitio VITA en Laredo que permanece abierto durante todo el a\u00f1o, asegurando que los residentes siempre tengan acceso a asistencia experta en impuestos cuando la necesiten.<\/p>\n\t\t\t\t\t\t\t<\/div>\n\t\t<\/div>\n\n\t\t\t\t\t<\/div>\n\t\t\t\t<\/div>\n\t\t\t\t<div class=\"elementor-element elementor-element-9f91e62 wt-align-left elementor-widget elementor-widget-wt_bs_button\" data-id=\"9f91e62\" data-element_type=\"widget\" data-widget_type=\"wt_bs_button.default\">\n\t\t\t\t<div class=\"elementor-widget-container\">\n\t\t\t\t\t\t\t<div id=\"wt-at-9f91e62\" class=\"wt-button-wrap\">\n\t\t\t<a class=\"wt-btn\" href=\"https:\/\/vitalaredo.org\/\" rel=\"nofollow\"><span >M\u00e1s sobre VITA<\/span><\/a>\t\t<\/div>\n\n\t\t\t\t\t<\/div>\n\t\t\t\t<\/div>\n\t\t\t\t\t<\/div>\n\t\t<\/div>\n\t\t\t\t<div class=\"elementor-column elementor-col-50 elementor-top-column elementor-element elementor-element-61afce0 elementor-invisible\" data-id=\"61afce0\" data-element_type=\"column\" data-settings=\"{&quot;animation&quot;:&quot;fadeInRight&quot;}\">\n\t\t\t<div class=\"elementor-widget-wrap elementor-element-populated\">\n\t\t\t\t\t\t<div class=\"elementor-element elementor-element-2db739a elementor-widget elementor-widget-wt-bs-videobox\" data-id=\"2db739a\" data-element_type=\"widget\" data-widget_type=\"wt-bs-videobox.default\">\n\t\t\t\t<div class=\"elementor-widget-container\">\n\t\t\t\t\t        <div class=\"dl-video-box-wrap\">\n            <img fetchpriority=\"high\" decoding=\"async\" width=\"800\" height=\"600\" src=\"https:\/\/aedpc.org\/wp-content\/uploads\/2025\/02\/imgs-04.webp\" class=\"attachment-large size-large wp-image-10871\" alt=\"\" srcset=\"https:\/\/aedpc.org\/wp-content\/uploads\/2025\/02\/imgs-04.webp 800w, https:\/\/aedpc.org\/wp-content\/uploads\/2025\/02\/imgs-04-300x225.webp 300w, https:\/\/aedpc.org\/wp-content\/uploads\/2025\/02\/imgs-04-768x576.webp 768w\" sizes=\"(max-width: 800px) 100vw, 800px\" \/>\t\t\t        <\/div>\n        \t\t\t\t<\/div>\n\t\t\t\t<\/div>\n\t\t\t\t\t<\/div>\n\t\t<\/div>\n\t\t\t\t\t<\/div>\n\t\t<\/section>\n\t\t\t\t<section class=\"elementor-section elementor-top-section elementor-element elementor-element-d3e44ec elementor-section-content-middle elementor-section-boxed elementor-section-height-default elementor-section-height-default\" data-id=\"d3e44ec\" data-element_type=\"section\" data-settings=\"{&quot;background_background&quot;:&quot;classic&quot;}\">\n\t\t\t\t\t\t<div class=\"elementor-container elementor-column-gap-default\">\n\t\t\t\t\t<div class=\"elementor-column elementor-col-100 elementor-top-column elementor-element elementor-element-3b42a4e\" data-id=\"3b42a4e\" data-element_type=\"column\">\n\t\t\t<div class=\"elementor-widget-wrap elementor-element-populated\">\n\t\t\t\t\t\t<div class=\"elementor-element elementor-element-48034f4 elementor-invisible elementor-widget elementor-widget-wt_bs_heading\" data-id=\"48034f4\" data-element_type=\"widget\" data-settings=\"{&quot;_animation&quot;:&quot;fadeInUp&quot;}\" data-widget_type=\"wt_bs_heading.default\">\n\t\t\t\t<div class=\"elementor-widget-container\">\n\t\t\t\t\t\t\t<div id=\"wt-at-48034f4\" class=\"headng-wrap left\">\n\t\t\t<div class=\"section-heading\">\n\t\t\t\t\t\t\t\t\t\t\t<h2\n\t\t\t\t\t\t\t\t>Nuestro Impacto en la Comunidad<\/h2>\n\t\t\t\t\t\t\t\t\t\t\t\t<p \t\t\t\t>Desde su creaci\u00f3n, el Programa VITA de Laredo ha contribuido significativamente al bienestar financiero de miles de familias en la regi\u00f3n.<\/p>\n\t\t\t\t\t\t\t<\/div>\n\t\t<\/div>\n\n\t\t\t\t\t<\/div>\n\t\t\t\t<\/div>\n\t\t\t\t<div class=\"elementor-element elementor-element-e6d632a elementor-invisible elementor-widget elementor-widget-wt_bs_heading\" data-id=\"e6d632a\" data-element_type=\"widget\" data-settings=\"{&quot;_animation&quot;:&quot;fadeInUp&quot;}\" data-widget_type=\"wt_bs_heading.default\">\n\t\t\t\t<div class=\"elementor-widget-container\">\n\t\t\t\t\t\t\t<div id=\"wt-at-e6d632a\" class=\"headng-wrap left\">\n\t\t\t<div class=\"section-heading\">\n\t\t\t\t\t\t\t\t\t\t\t\t\t\t\t<p \t\t\t\t>En 2016 solamente:<\/p>\n\t\t\t\t\t\t\t<\/div>\n\t\t<\/div>\n\n\t\t\t\t\t<\/div>\n\t\t\t\t<\/div>\n\t\t\t\t<div class=\"elementor-element elementor-element-ded88cc elementor-widget elementor-widget-wt-bs-list\" data-id=\"ded88cc\" data-element_type=\"widget\" data-widget_type=\"wt-bs-list.default\">\n\t\t\t\t<div class=\"elementor-widget-container\">\n\t\t\t\t\t<ul class=\"wt-list\"><li class=\"list-item\"><span class=\"list-icon\"><i class=\"fas fa-check\"><\/i><\/span><h4>Declaraciones de Impuestos Presentadas<\/h4><p>M\u00e1s de 5,600 declaraciones de impuestos fueron preparadas.<\/p><\/li><li class=\"list-item\"><span class=\"list-icon\"><i class=\"fas fa-check\"><\/i><\/span><h4>Reembolsos Emitidos<\/h4><p>Casi $9 millones en reembolsos de impuestos fueron entregados.<\/p><\/li><li class=\"list-item\"><span class=\"list-icon\"><i class=\"fas fa-check\"><\/i><\/span><h4>Cr\u00e9ditos Fiscales por Ingresos<\/h4><p>Se aseguraron $4 millones en Cr\u00e9ditos Tributarios por Ingreso del Trabajo (EITC) para personas elegibles.<\/p><\/li><\/ul>\t\t\t\t<\/div>\n\t\t\t\t<\/div>\n\t\t\t\t\t<\/div>\n\t\t<\/div>\n\t\t\t\t\t<\/div>\n\t\t<\/section>\n\t\t\t\t<section class=\"elementor-section elementor-top-section elementor-element elementor-element-20f1dc2 elementor-section-content-middle elementor-section-boxed elementor-section-height-default elementor-section-height-default\" data-id=\"20f1dc2\" data-element_type=\"section\" data-settings=\"{&quot;background_background&quot;:&quot;classic&quot;}\">\n\t\t\t\t\t\t<div class=\"elementor-container elementor-column-gap-default\">\n\t\t\t\t\t<div class=\"elementor-column elementor-col-100 elementor-top-column elementor-element elementor-element-3f323e1\" data-id=\"3f323e1\" data-element_type=\"column\">\n\t\t\t<div class=\"elementor-widget-wrap elementor-element-populated\">\n\t\t\t\t\t\t<div class=\"elementor-element elementor-element-af9fff6 elementor-invisible elementor-widget elementor-widget-wt_bs_heading\" data-id=\"af9fff6\" data-element_type=\"widget\" data-settings=\"{&quot;_animation&quot;:&quot;fadeInUp&quot;}\" data-widget_type=\"wt_bs_heading.default\">\n\t\t\t\t<div class=\"elementor-widget-container\">\n\t\t\t\t\t\t\t<div id=\"wt-at-af9fff6\" class=\"headng-wrap center\">\n\t\t\t<div class=\"section-heading\">\n\t\t\t\t\t\t\t\t\t\t\t<h2\n\t\t\t\t\t\t\t\t>\u00bfQui\u00e9n Califica para la Asistencia Gratuita en Impuestos?<\/h2>\n\t\t\t\t\t\t\t\t\t\t\t\t<p \t\t\t\t>El Programa VITA de Laredo est\u00e1 disponible para todos los contribuyentes que cumplan con los requisitos de elegibilidad de ingresos. Si no est\u00e1s seguro de si calificas, te recomendamos que nos contactes para m\u00e1s detalles.<\/p>\n\t\t\t\t\t\t\t<\/div>\n\t\t<\/div>\n\n\t\t\t\t\t<\/div>\n\t\t\t\t<\/div>\n\t\t\t\t<section class=\"elementor-section elementor-inner-section elementor-element elementor-element-76e9bbc elementor-section-boxed elementor-section-height-default elementor-section-height-default\" data-id=\"76e9bbc\" data-element_type=\"section\">\n\t\t\t\t\t\t<div class=\"elementor-container elementor-column-gap-default\">\n\t\t\t\t\t<div class=\"elementor-column elementor-col-25 elementor-inner-column elementor-element elementor-element-0d3d7da elementor-invisible\" data-id=\"0d3d7da\" data-element_type=\"column\" data-settings=\"{&quot;animation&quot;:&quot;fadeInUp&quot;}\">\n\t\t\t<div class=\"elementor-widget-wrap elementor-element-populated\">\n\t\t\t\t\t\t<div class=\"elementor-element elementor-element-7491501 elementor-widget elementor-widget-wt_bs_servicebox\" data-id=\"7491501\" data-element_type=\"widget\" data-settings=\"{&quot;wt_text_align&quot;:&quot;center-content&quot;,&quot;wt_icon_position&quot;:&quot;icon-top-align&quot;}\" data-widget_type=\"wt_bs_servicebox.default\">\n\t\t\t\t<div class=\"elementor-widget-container\">\n\t\t\t\t\t\t\t<div class=\"wt-service-wrapper\">\n\t\t\t<div class=\"wt-service-box icon-top-align center-content\">\n\t\t\t\t<div class=\"wt-service-box-inner\">\n\t\t\t\t\t\t\t\t\t\t\t<div class=\"icon-box\">\n\t\t\t\t\t\t\t<i aria-hidden=\"true\" class=\"fas fa-money-bill-wave\"><\/i>\t\t\t\t\t\t<\/div>\n\t\t\t\t\t\t\t\t\t\t\t<div class=\"service-content\">\n\t\t\t\t\t\t<p >Individuos y familias de ingresos bajos y moderados<\/p>\t\t\t\t\t\t\t\t\t\t\t\t<a class=\"service-read-more\" href=\"https:\/\/vitalaredo.org\/\"  target=\"_blank\"  rel=\"nofollow\">\n\t\t\t\t\t\t\t<span class=\"icon-wrap\">\n\t\t\t\t\t\t\t\t<span class=\"hover-anim\">\n\t\t\t\t\t\t\t\t\t<span class=\"text-wrap\">Read More<\/span>\n\t\t\t\t\t\t\t\t\t<i class=\"fa fa-angle-right\"><\/i>\n\t\t\t\t\t\t\t\t<\/span>\n\t\t\t\t\t\t\t<\/span>\n\t\t\t\t\t\t<\/a>\n\t\t\t\t\t\t\t\t\t\t\t<\/div>\n\t\t\t\t<\/div>\n\t\t\t<\/div>\n\t\t<\/div>\n\t\t\t\t\t<\/div>\n\t\t\t\t<\/div>\n\t\t\t\t\t<\/div>\n\t\t<\/div>\n\t\t\t\t<div class=\"elementor-column elementor-col-25 elementor-inner-column elementor-element elementor-element-78291a0 elementor-invisible\" data-id=\"78291a0\" data-element_type=\"column\" data-settings=\"{&quot;animation&quot;:&quot;fadeInUp&quot;,&quot;animation_delay&quot;:300}\">\n\t\t\t<div class=\"elementor-widget-wrap elementor-element-populated\">\n\t\t\t\t\t\t<div class=\"elementor-element elementor-element-0035581 elementor-widget elementor-widget-wt_bs_servicebox\" data-id=\"0035581\" data-element_type=\"widget\" data-settings=\"{&quot;wt_text_align&quot;:&quot;center-content&quot;,&quot;wt_icon_position&quot;:&quot;icon-top-align&quot;}\" data-widget_type=\"wt_bs_servicebox.default\">\n\t\t\t\t<div class=\"elementor-widget-container\">\n\t\t\t\t\t\t\t<div class=\"wt-service-wrapper\">\n\t\t\t<div class=\"wt-service-box icon-top-align center-content\">\n\t\t\t\t<div class=\"wt-service-box-inner\">\n\t\t\t\t\t\t\t\t\t\t\t<div class=\"icon-box\">\n\t\t\t\t\t\t\t<i aria-hidden=\"true\" class=\"far fa-credit-card\"><\/i>\t\t\t\t\t\t<\/div>\n\t\t\t\t\t\t\t\t\t\t\t<div class=\"service-content\">\n\t\t\t\t\t\t<p >Personas elegibles para Cr\u00e9ditos Tributarios por Ingreso del Trabajo (EITC)<\/p>\t\t\t\t\t\t\t\t\t\t\t\t<a class=\"service-read-more\" href=\"https:\/\/vitalaredo.org\/\"  target=\"_blank\"  rel=\"nofollow\">\n\t\t\t\t\t\t\t<span class=\"icon-wrap\">\n\t\t\t\t\t\t\t\t<span class=\"hover-anim\">\n\t\t\t\t\t\t\t\t\t<span class=\"text-wrap\">Read More<\/span>\n\t\t\t\t\t\t\t\t\t<i class=\"fa fa-angle-right\"><\/i>\n\t\t\t\t\t\t\t\t<\/span>\n\t\t\t\t\t\t\t<\/span>\n\t\t\t\t\t\t<\/a>\n\t\t\t\t\t\t\t\t\t\t\t<\/div>\n\t\t\t\t<\/div>\n\t\t\t<\/div>\n\t\t<\/div>\n\t\t\t\t\t<\/div>\n\t\t\t\t<\/div>\n\t\t\t\t\t<\/div>\n\t\t<\/div>\n\t\t\t\t<div class=\"elementor-column elementor-col-25 elementor-inner-column elementor-element elementor-element-eb968f2 elementor-invisible\" data-id=\"eb968f2\" data-element_type=\"column\" data-settings=\"{&quot;animation&quot;:&quot;fadeInUp&quot;,&quot;animation_delay&quot;:400}\">\n\t\t\t<div class=\"elementor-widget-wrap elementor-element-populated\">\n\t\t\t\t\t\t<div class=\"elementor-element elementor-element-6eef630 elementor-widget elementor-widget-wt_bs_servicebox\" data-id=\"6eef630\" data-element_type=\"widget\" data-settings=\"{&quot;wt_text_align&quot;:&quot;center-content&quot;,&quot;wt_icon_position&quot;:&quot;icon-top-align&quot;}\" data-widget_type=\"wt_bs_servicebox.default\">\n\t\t\t\t<div class=\"elementor-widget-container\">\n\t\t\t\t\t\t\t<div class=\"wt-service-wrapper\">\n\t\t\t<div class=\"wt-service-box icon-top-align center-content\">\n\t\t\t\t<div class=\"wt-service-box-inner\">\n\t\t\t\t\t\t\t\t\t\t\t<div class=\"icon-box\">\n\t\t\t\t\t\t\t<i aria-hidden=\"true\" class=\"far fa-comments\"><\/i>\t\t\t\t\t\t<\/div>\n\t\t\t\t\t\t\t\t\t\t\t<div class=\"service-content\">\n\t\t\t\t\t\t<p >Individuos con ITINs que necesiten asistencia en impuestos<\/p>\t\t\t\t\t\t\t\t\t\t\t\t<a class=\"service-read-more\" href=\"https:\/\/vitalaredo.org\/\"  target=\"_blank\"  rel=\"nofollow\">\n\t\t\t\t\t\t\t<span class=\"icon-wrap\">\n\t\t\t\t\t\t\t\t<span class=\"hover-anim\">\n\t\t\t\t\t\t\t\t\t<span class=\"text-wrap\">Read More<\/span>\n\t\t\t\t\t\t\t\t\t<i class=\"fa fa-angle-right\"><\/i>\n\t\t\t\t\t\t\t\t<\/span>\n\t\t\t\t\t\t\t<\/span>\n\t\t\t\t\t\t<\/a>\n\t\t\t\t\t\t\t\t\t\t\t<\/div>\n\t\t\t\t<\/div>\n\t\t\t<\/div>\n\t\t<\/div>\n\t\t\t\t\t<\/div>\n\t\t\t\t<\/div>\n\t\t\t\t\t<\/div>\n\t\t<\/div>\n\t\t\t\t<div class=\"elementor-column elementor-col-25 elementor-inner-column elementor-element elementor-element-daf550b elementor-invisible\" data-id=\"daf550b\" data-element_type=\"column\" data-settings=\"{&quot;animation&quot;:&quot;fadeInUp&quot;,&quot;animation_delay&quot;:500}\">\n\t\t\t<div class=\"elementor-widget-wrap elementor-element-populated\">\n\t\t\t\t\t\t<div class=\"elementor-element elementor-element-4cff5ff elementor-widget elementor-widget-wt_bs_servicebox\" data-id=\"4cff5ff\" data-element_type=\"widget\" data-settings=\"{&quot;wt_text_align&quot;:&quot;center-content&quot;,&quot;wt_icon_position&quot;:&quot;icon-top-align&quot;}\" data-widget_type=\"wt_bs_servicebox.default\">\n\t\t\t\t<div class=\"elementor-widget-container\">\n\t\t\t\t\t\t\t<div class=\"wt-service-wrapper\">\n\t\t\t<div class=\"wt-service-box icon-top-align center-content\">\n\t\t\t\t<div class=\"wt-service-box-inner\">\n\t\t\t\t\t\t\t\t\t\t\t<div class=\"icon-box\">\n\t\t\t\t\t\t\t<i aria-hidden=\"true\" class=\"far fa-star\"><\/i>\t\t\t\t\t\t<\/div>\n\t\t\t\t\t\t\t\t\t\t\t<div class=\"service-content\">\n\t\t\t\t\t\t<p >Cualquier persona que necesite ayuda para navegar por los impuestos estatales y federales<\/p>\t\t\t\t\t\t\t\t\t\t\t\t<a class=\"service-read-more\" href=\"https:\/\/vitalaredo.org\/\"  target=\"_blank\"  rel=\"nofollow\">\n\t\t\t\t\t\t\t<span class=\"icon-wrap\">\n\t\t\t\t\t\t\t\t<span class=\"hover-anim\">\n\t\t\t\t\t\t\t\t\t<span class=\"text-wrap\">Read More<\/span>\n\t\t\t\t\t\t\t\t\t<i class=\"fa fa-angle-right\"><\/i>\n\t\t\t\t\t\t\t\t<\/span>\n\t\t\t\t\t\t\t<\/span>\n\t\t\t\t\t\t<\/a>\n\t\t\t\t\t\t\t\t\t\t\t<\/div>\n\t\t\t\t<\/div>\n\t\t\t<\/div>\n\t\t<\/div>\n\t\t\t\t\t<\/div>\n\t\t\t\t<\/div>\n\t\t\t\t\t<\/div>\n\t\t<\/div>\n\t\t\t\t\t<\/div>\n\t\t<\/section>\n\t\t\t\t\t<\/div>\n\t\t<\/div>\n\t\t\t\t\t<\/div>\n\t\t<\/section>\n\t\t\t\t<section class=\"elementor-section elementor-top-section elementor-element elementor-element-b60a3a9 elementor-section-boxed elementor-section-height-default elementor-section-height-default\" data-id=\"b60a3a9\" data-element_type=\"section\">\n\t\t\t\t\t\t<div class=\"elementor-container elementor-column-gap-default\">\n\t\t\t\t\t<div class=\"elementor-column elementor-col-50 elementor-top-column elementor-element elementor-element-d551539\" data-id=\"d551539\" data-element_type=\"column\">\n\t\t\t<div class=\"elementor-widget-wrap elementor-element-populated\">\n\t\t\t\t\t\t<div class=\"elementor-element elementor-element-46eb164 elementor-widget elementor-widget-image\" data-id=\"46eb164\" data-element_type=\"widget\" data-widget_type=\"image.default\">\n\t\t\t\t<div class=\"elementor-widget-container\">\n\t\t\t\t\t\t\t\t\t\t\t\t\t\t\t<img decoding=\"async\" width=\"800\" height=\"600\" src=\"https:\/\/aedpc.org\/wp-content\/uploads\/2025\/02\/imgs-03.webp\" class=\"attachment-full size-full wp-image-10872\" alt=\"\" srcset=\"https:\/\/aedpc.org\/wp-content\/uploads\/2025\/02\/imgs-03.webp 800w, https:\/\/aedpc.org\/wp-content\/uploads\/2025\/02\/imgs-03-300x225.webp 300w, https:\/\/aedpc.org\/wp-content\/uploads\/2025\/02\/imgs-03-768x576.webp 768w\" sizes=\"(max-width: 800px) 100vw, 800px\" \/>\t\t\t\t\t\t\t\t\t\t\t\t\t\t\t<\/div>\n\t\t\t\t<\/div>\n\t\t\t\t\t<\/div>\n\t\t<\/div>\n\t\t\t\t<div class=\"elementor-column elementor-col-50 elementor-top-column elementor-element elementor-element-6c7e9df elementor-invisible\" data-id=\"6c7e9df\" data-element_type=\"column\" data-settings=\"{&quot;animation&quot;:&quot;fadeInRight&quot;}\">\n\t\t\t<div class=\"elementor-widget-wrap elementor-element-populated\">\n\t\t\t\t\t\t<div class=\"elementor-element elementor-element-ba416b2 elementor-widget elementor-widget-wt_bs_heading\" data-id=\"ba416b2\" data-element_type=\"widget\" data-widget_type=\"wt_bs_heading.default\">\n\t\t\t\t<div class=\"elementor-widget-container\">\n\t\t\t\t\t\t\t<div id=\"wt-at-ba416b2\" class=\"headng-wrap left\">\n\t\t\t<div class=\"section-heading\">\n\t\t\t\t\t\t\t\t\t\t\t<h2\n\t\t\t\t\t\t\t\t>Voluntarios Certificados por el IRS<\/h2>\n\t\t\t\t\t\t\t\t\t\t\t\t<p \t\t\t\t>Nuestro programa VITA est\u00e1 completamente conformado por voluntarios capacitados, todos los cuales han pasado por una rigurosa certificaci\u00f3n del IRS para garantizar precisi\u00f3n, seguridad y profesionalismo en cada declaraci\u00f3n de impuestos preparada. Nuestro equipo dedicado est\u00e1 aqu\u00ed para:<\/p>\n\t\t\t\t\t\t\t<\/div>\n\t\t<\/div>\n\n\t\t\t\t\t<\/div>\n\t\t\t\t<\/div>\n\t\t\t\t<div class=\"elementor-element elementor-element-6c32ef7 elementor-icon-list--layout-traditional elementor-list-item-link-full_width elementor-widget elementor-widget-icon-list\" data-id=\"6c32ef7\" data-element_type=\"widget\" data-widget_type=\"icon-list.default\">\n\t\t\t\t<div class=\"elementor-widget-container\">\n\t\t\t\t\t\t\t<ul class=\"elementor-icon-list-items\">\n\t\t\t\t\t\t\t<li class=\"elementor-icon-list-item\">\n\t\t\t\t\t\t\t\t\t\t\t<span class=\"elementor-icon-list-icon\">\n\t\t\t\t\t\t\t<i aria-hidden=\"true\" class=\"fas fa-check\"><\/i>\t\t\t\t\t\t<\/span>\n\t\t\t\t\t\t\t\t\t\t<span class=\"elementor-icon-list-text\">Brindar asistencia personalizada en la presentaci\u00f3n de impuestos<\/span>\n\t\t\t\t\t\t\t\t\t<\/li>\n\t\t\t\t\t\t\t\t<li class=\"elementor-icon-list-item\">\n\t\t\t\t\t\t\t\t\t\t\t<span class=\"elementor-icon-list-icon\">\n\t\t\t\t\t\t\t<i aria-hidden=\"true\" class=\"fas fa-check\"><\/i>\t\t\t\t\t\t<\/span>\n\t\t\t\t\t\t\t\t\t\t<span class=\"elementor-icon-list-text\">Garantizar reembolsos m\u00e1ximos y cr\u00e9ditos fiscales disponibles<\/span>\n\t\t\t\t\t\t\t\t\t<\/li>\n\t\t\t\t\t\t\t\t<li class=\"elementor-icon-list-item\">\n\t\t\t\t\t\t\t\t\t\t\t<span class=\"elementor-icon-list-icon\">\n\t\t\t\t\t\t\t<i aria-hidden=\"true\" class=\"fas fa-check\"><\/i>\t\t\t\t\t\t<\/span>\n\t\t\t\t\t\t\t\t\t\t<span class=\"elementor-icon-list-text\">Ofrecer apoyo multiling\u00fce para contribuyentes de habla hispana<\/span>\n\t\t\t\t\t\t\t\t\t<\/li>\n\t\t\t\t\t\t\t\t<li class=\"elementor-icon-list-item\">\n\t\t\t\t\t\t\t\t\t\t\t<span class=\"elementor-icon-list-icon\">\n\t\t\t\t\t\t\t<i aria-hidden=\"true\" class=\"fas fa-check\"><\/i>\t\t\t\t\t\t<\/span>\n\t\t\t\t\t\t\t\t\t\t<span class=\"elementor-icon-list-text\">Guiar a las personas en la comprensi\u00f3n de sus obligaciones fiscales<\/span>\n\t\t\t\t\t\t\t\t\t<\/li>\n\t\t\t\t\t\t<\/ul>\n\t\t\t\t\t\t<\/div>\n\t\t\t\t<\/div>\n\t\t\t\t<div class=\"elementor-element elementor-element-dc6da81 wt-align-left elementor-widget elementor-widget-wt_bs_button\" data-id=\"dc6da81\" data-element_type=\"widget\" data-widget_type=\"wt_bs_button.default\">\n\t\t\t\t<div class=\"elementor-widget-container\">\n\t\t\t\t\t\t\t<div id=\"wt-at-dc6da81\" class=\"wt-button-wrap\">\n\t\t\t<a class=\"wt-btn\" href=\"https:\/\/vitalaredo.org\/volunteer\/\" rel=\"nofollow\"><span >M\u00e1s informaci\u00f3n<\/span><\/a>\t\t<\/div>\n\n\t\t\t\t\t<\/div>\n\t\t\t\t<\/div>\n\t\t\t\t\t<\/div>\n\t\t<\/div>\n\t\t\t\t\t<\/div>\n\t\t<\/section>\n\t\t\t\t<\/div>","protected":false},"excerpt":{"rendered":"<p>FREE TAX HELP Free tax preparation services to help eligible individuals and families. Our approach thrives at the intersection between data-driven market research and traditional management consultancies. Reliable, Free Tax Assistance for Our Community At Azteca Economic Development, we are proud members of the Laredo VITA Program (Volunteer Income Tax Assistance), offering free tax preparation<\/p>","protected":false},"author":1,"featured_media":0,"parent":0,"menu_order":0,"comment_status":"closed","ping_status":"closed","template":"empty-template.php","meta":{"_acf_changed":false,"footnotes":""},"class_list":["post-10412","page","type-page","status-publish","hentry"],"acf":[],"_links":{"self":[{"href":"https:\/\/aedpc.org\/es\/wp-json\/wp\/v2\/pages\/10412","targetHints":{"allow":["GET"]}}],"collection":[{"href":"https:\/\/aedpc.org\/es\/wp-json\/wp\/v2\/pages"}],"about":[{"href":"https:\/\/aedpc.org\/es\/wp-json\/wp\/v2\/types\/page"}],"author":[{"embeddable":true,"href":"https:\/\/aedpc.org\/es\/wp-json\/wp\/v2\/users\/1"}],"replies":[{"embeddable":true,"href":"https:\/\/aedpc.org\/es\/wp-json\/wp\/v2\/comments?post=10412"}],"version-history":[{"count":62,"href":"https:\/\/aedpc.org\/es\/wp-json\/wp\/v2\/pages\/10412\/revisions"}],"predecessor-version":[{"id":10951,"href":"https:\/\/aedpc.org\/es\/wp-json\/wp\/v2\/pages\/10412\/revisions\/10951"}],"wp:attachment":[{"href":"https:\/\/aedpc.org\/es\/wp-json\/wp\/v2\/media?parent=10412"}],"curies":[{"name":"wp","href":"https:\/\/api.w.org\/{rel}","templated":true}]}}