{"id":2852,"date":"2021-04-15T07:55:36","date_gmt":"2021-04-15T07:55:36","guid":{"rendered":"http:\/\/enova-test.local\/?page_id=2852"},"modified":"2025-02-12T21:58:53","modified_gmt":"2025-02-12T21:58:53","slug":"home-4","status":"publish","type":"page","link":"https:\/\/aedpc.org\/es\/","title":{"rendered":"Inicio"},"content":{"rendered":"<div data-elementor-type=\"wp-page\" data-elementor-id=\"2852\" class=\"elementor elementor-2852\">\n\t\t\t\t\t\t<section class=\"elementor-section elementor-top-section elementor-element elementor-element-8adceb9 elementor-section-full_width elementor-section-height-default elementor-section-height-default\" data-id=\"8adceb9\" data-element_type=\"section\">\n\t\t\t\t\t\t<div class=\"elementor-container elementor-column-gap-no\">\n\t\t\t\t\t<div class=\"elementor-column elementor-col-100 elementor-top-column elementor-element elementor-element-29ec965\" data-id=\"29ec965\" data-element_type=\"column\">\n\t\t\t<div class=\"elementor-widget-wrap elementor-element-populated\">\n\t\t\t\t\t\t<div class=\"elementor-element elementor-element-284b3d1 elementor-widget elementor-widget-enova_general_slider\" data-id=\"284b3d1\" data-element_type=\"widget\" data-widget_type=\"enova_general_slider.default\">\n\t\t\t\t<div class=\"elementor-widget-container\">\n\t\t\t\t\t\t\t<div class=\"dl-general-slider-wrapper\" data-settings=\"{&quot;autoplay&quot;:true,&quot;autoplaySpeed&quot;:5000,&quot;speed&quot;:1000,&quot;effect&quot;:&quot;fade&quot;,&quot;initialSlide&quot;:0,&quot;grabCursor&quot;:false,&quot;loop&quot;:true,&quot;pauseOnHover&quot;:false,&quot;parallax&quot;:false,&quot;mousewheel&quot;:false,&quot;navigation&quot;:&quot;yes&quot;,&quot;pagination&quot;:&quot;yes&quot;}\">\n\t\t\t<div id=\"enova-general-slider-284b3d1\" class=\"swiper-carousel dl-slider custom  swiper-container\" dir=\"ltr\">\n\t\t\t\t<div class=\"swiper-wrapper\">\n\t\t\t\t\t\t\t\t\t\t<div class=\"swiper-slide elementor-repeater-item-c442718\">\n\t\t\t\t\t\t<div class=\"slide-img-wrap\"><img decoding=\"async\" src=\"https:\/\/aedpc.org\/wp-content\/uploads\/2025\/02\/slider2.webp\" alt=\"Home\" class=\"slide-img kenburns kenburns-top-right\" style=\"animation-duration: 12000ms;\"\/><\/div>\t\t\t\t\t\t<div class=\"slider-content-wrap text-left\">\n\t\t\t\t\t\t\t<div class=\"content-width\">\n\t\t\t\t\t\t\t\t<div class=\"slider-content\">\n\t\t\t\t\t\t\t\t\t            <div class=\"dl-caption sub-heading\">\n            <div class=\"inner-layer\"><div class=\"char-right\" data-splitting>Construyendo Comunidades<\/div><\/div>            <\/div>\n                <div class=\"dl-caption heading\">\n        <div class=\"inner-layer\"><div data-animation=\"fadeInUp\" data-delay=\"1000ms\" data-duration=\"1000ms\">Hogares Seguros<br>Futuro Brillante<\/div><\/div>        <\/div>\n                <div class=\"dl-caption desc\">\n        <div class=\"inner-layer\"><div data-animation=\"fadeInUp\" data-delay=\"1200ms\" data-duration=\"1000ms\">M\u00e1s de 1,500 familias beneficiadas<br>con viviendas asequibles<\/div><\/div>        <\/div>\n        \t\t\t\t\t\t\t\t\t<div class=\"dl-btn-group\">\n\t\t\t\t\t\t\t\t\t\t<a href=\"https:\/\/aedpc.org\/es\/services\/\" class=\"slider-btn\" data-animation=\"fadeInUp\" data-delay=\"1400ms\" data-duration=\"1000ms\">Conozca m\u00e1s<\/a>\t\t\t\t\t\t\t\t\t<\/div>\n\t\t\t\t\t\t\t\t<\/div>\n\t\t\t\t\t\t\t<\/div>\n\t\t\t\t\t\t<\/div>\n\t\t\t\t\t<\/div>\n\t\t\t\t\t\t\t\t\t\t<div class=\"swiper-slide elementor-repeater-item-92d921b\">\n\t\t\t\t\t\t<div class=\"slide-img-wrap\"><img decoding=\"async\" src=\"https:\/\/aedpc.org\/wp-content\/uploads\/2025\/02\/slider-01.webp\" alt=\"Home\" class=\"slide-img kenburns kenburns-top-right\" style=\"animation-duration: 12000ms;\"\/><\/div>\t\t\t\t\t\t<div class=\"slider-content-wrap text-left\">\n\t\t\t\t\t\t\t<div class=\"content-width\">\n\t\t\t\t\t\t\t\t<div class=\"slider-content\">\n\t\t\t\t\t\t\t\t\t            <div class=\"dl-caption sub-heading\">\n            <div class=\"inner-layer\"><div class=\"char-right\" data-splitting>Empoderando Familias<\/div><\/div>            <\/div>\n                <div class=\"dl-caption heading\">\n        <div class=\"inner-layer\"><div data-animation=\"fadeInUp\" data-delay=\"1000ms\" data-duration=\"1000ms\">Educaci\u00f3n Financiera<br>para un Mejor Ma\u00f1ana<\/div><\/div>        <\/div>\n                <div class=\"dl-caption desc\">\n        <div class=\"inner-layer\"><div data-animation=\"fadeInUp\" data-delay=\"1200ms\" data-duration=\"1000ms\">Programas que fortalecen la estabilidad<br>econ\u00f3mica de nuestra comunidad<\/div><\/div>        <\/div>\n        \t\t\t\t\t\t\t\t\t<div class=\"dl-btn-group\">\n\t\t\t\t\t\t\t\t\t\t<a href=\"https:\/\/aedpc.org\/es\/services\/\" class=\"slider-btn\" data-animation=\"fadeInUp\" data-delay=\"1400ms\" data-duration=\"1000ms\">Explora nuestros programas<\/a>\t\t\t\t\t\t\t\t\t<\/div>\n\t\t\t\t\t\t\t\t<\/div>\n\t\t\t\t\t\t\t<\/div>\n\t\t\t\t\t\t<\/div>\n\t\t\t\t\t<\/div>\n\t\t\t\t\t\t\t\t\t\t<div class=\"swiper-slide elementor-repeater-item-1f83988\">\n\t\t\t\t\t\t<div class=\"slide-img-wrap\"><img decoding=\"async\" src=\"https:\/\/aedpc.org\/wp-content\/uploads\/2025\/02\/slider-03.webp\" alt=\"Home\" class=\"slide-img kenburns kenburns-top-right\" style=\"animation-duration: 12000ms;\"\/><\/div>\t\t\t\t\t\t<div class=\"slider-content-wrap text-left\">\n\t\t\t\t\t\t\t<div class=\"content-width\">\n\t\t\t\t\t\t\t\t<div class=\"slider-content\">\n\t\t\t\t\t\t\t\t\t            <div class=\"dl-caption sub-heading\">\n            <div class=\"inner-layer\"><div class=\"char-right\" data-splitting>Preservando Nuestra Historia<\/div><\/div>            <\/div>\n                <div class=\"dl-caption heading\">\n        <div class=\"inner-layer\"><div data-animation=\"fadeInUp\" data-delay=\"1000ms\" data-duration=\"1000ms\"> Ra\u00edces Fuertes<br>Comunidad Unida<\/div><\/div>        <\/div>\n                <div class=\"dl-caption desc\">\n        <div class=\"inner-layer\"><div data-animation=\"fadeInUp\" data-delay=\"1200ms\" data-duration=\"1000ms\">Preservando el legado<br>y la identidad del Barrio Azteca<\/div><\/div>        <\/div>\n        \t\t\t\t\t\t\t\t\t<div class=\"dl-btn-group\">\n\t\t\t\t\t\t\t\t\t\t<a href=\"https:\/\/aedpc.org\/es\/contact-us\/\" class=\"slider-btn\" data-animation=\"fadeInUp\" data-delay=\"1400ms\" data-duration=\"1000ms\">Con\u00f3cenos<\/a>\t\t\t\t\t\t\t\t\t<\/div>\n\t\t\t\t\t\t\t\t<\/div>\n\t\t\t\t\t\t\t<\/div>\n\t\t\t\t\t\t<\/div>\n\t\t\t\t\t<\/div>\n\t\t\t\t\t\t\t\t\t<\/div>\n\t\t\t\t        <div class=\"dl-slider-controls style-1\">\n        <div class=\"dl-slider-button-prev\"><svg viewbox='0 0 16 16' xmlns='http:\/\/www.w3.org\/2000\/svg'><path d='M15 8a.5.5 0 0 0-.5-.5H2.707l3.147-3.146a.5.5 0 1 0-.708-.708l-4 4a.5.5 0 0 0 0 .708l4 4a.5.5 0 0 0 .708-.708L2.707 8.5H14.5A.5.5 0 0 0 15 8z' \/><\/svg><\/div><div class=\"dl-swiper-pagination\"><\/div><div class=\"dl-slider-button-next\"><svg viewbox='0 0 16 16' xmlns='http:\/\/www.w3.org\/2000\/svg'><path d='M1 8a.5.5 0 0 1 .5-.5h11.793l-3.147-3.146a.5.5 0 0 1 .708-.708l4 4a.5.5 0 0 1 0 .708l-4 4a.5.5 0 0 1-.708-.708L13.293 8.5H1.5A.5.5 0 0 1 1 8z' \/><\/svg><\/div>        <\/div>\n        \t\t\t\t<div class=\"slider-preloader\"><div class=\"dot-flashing\"><\/div><\/div>\n\t\t\t<\/div>\n\t\t<\/div>\n\t\t\t\t\t\t<\/div>\n\t\t\t\t<\/div>\n\t\t\t\t\t<\/div>\n\t\t<\/div>\n\t\t\t\t\t<\/div>\n\t\t<\/section>\n\t\t\t\t<section class=\"elementor-section elementor-top-section elementor-element elementor-element-5fd6a86 elementor-section-boxed elementor-section-height-default elementor-section-height-default\" data-id=\"5fd6a86\" data-element_type=\"section\">\n\t\t\t\t\t\t<div class=\"elementor-container elementor-column-gap-default\">\n\t\t\t\t\t<div class=\"elementor-column elementor-col-25 elementor-top-column elementor-element elementor-element-630ef0b elementor-invisible\" data-id=\"630ef0b\" data-element_type=\"column\" data-settings=\"{&quot;animation&quot;:&quot;fadeInUp&quot;}\">\n\t\t\t<div class=\"elementor-widget-wrap elementor-element-populated\">\n\t\t\t\t\t\t<div class=\"elementor-element elementor-element-f571470 elementor-view-default elementor-widget elementor-widget-icon\" data-id=\"f571470\" data-element_type=\"widget\" data-widget_type=\"icon.default\">\n\t\t\t\t<div class=\"elementor-widget-container\">\n\t\t\t\t\t\t\t<div class=\"elementor-icon-wrapper\">\n\t\t\t<div class=\"elementor-icon\">\n\t\t\t<i aria-hidden=\"true\" class=\"fas fa-house-user\"><\/i>\t\t\t<\/div>\n\t\t<\/div>\n\t\t\t\t\t\t<\/div>\n\t\t\t\t<\/div>\n\t\t\t\t<div class=\"elementor-element elementor-element-72a7fbc elementor-widget elementor-widget-wt_bs_heading\" data-id=\"72a7fbc\" data-element_type=\"widget\" data-widget_type=\"wt_bs_heading.default\">\n\t\t\t\t<div class=\"elementor-widget-container\">\n\t\t\t\t\t\t\t<div id=\"wt-at-72a7fbc\" class=\"headng-wrap center\">\n\t\t\t<div class=\"section-heading\">\n\t\t\t\t\t\t\t\t\t\t\t<h2\n\t\t\t\t\t\t\t\t>Vivienda Asequible<\/h2>\n\t\t\t\t\t\t\t\t\t\t\t\t<p \t\t\t\t>Ofrecemos soluciones de vivienda asequible para familias e individuos de bajos ingresos, garantizando estabilidad y seguridad.<\/p>\n\t\t\t\t\t\t\t<\/div>\n\t\t<\/div>\n\n\t\t\t\t\t<\/div>\n\t\t\t\t<\/div>\n\t\t\t\t<div class=\"elementor-element elementor-element-32a9e07 elementor-view-default elementor-widget elementor-widget-icon\" data-id=\"32a9e07\" data-element_type=\"widget\" data-widget_type=\"icon.default\">\n\t\t\t\t<div class=\"elementor-widget-container\">\n\t\t\t\t\t\t\t<div class=\"elementor-icon-wrapper\">\n\t\t\t<a class=\"elementor-icon\" href=\"https:\/\/aedpc.org\/es\/services\/\">\n\t\t\t<i aria-hidden=\"true\" class=\"las la-arrow-right\"><\/i>\t\t\t<\/a>\n\t\t<\/div>\n\t\t\t\t\t\t<\/div>\n\t\t\t\t<\/div>\n\t\t\t\t\t<\/div>\n\t\t<\/div>\n\t\t\t\t<div class=\"elementor-column elementor-col-25 elementor-top-column elementor-element elementor-element-6fddbb6 elementor-invisible\" data-id=\"6fddbb6\" data-element_type=\"column\" data-settings=\"{&quot;animation&quot;:&quot;fadeInUp&quot;,&quot;animation_delay&quot;:300}\">\n\t\t\t<div class=\"elementor-widget-wrap elementor-element-populated\">\n\t\t\t\t\t\t<div class=\"elementor-element elementor-element-c3af53c elementor-view-default elementor-widget elementor-widget-icon\" data-id=\"c3af53c\" data-element_type=\"widget\" data-widget_type=\"icon.default\">\n\t\t\t\t<div class=\"elementor-widget-container\">\n\t\t\t\t\t\t\t<div class=\"elementor-icon-wrapper\">\n\t\t\t<div class=\"elementor-icon\">\n\t\t\t<i aria-hidden=\"true\" class=\"fas fa-money-bill-wave\"><\/i>\t\t\t<\/div>\n\t\t<\/div>\n\t\t\t\t\t\t<\/div>\n\t\t\t\t<\/div>\n\t\t\t\t<div class=\"elementor-element elementor-element-e1b4789 elementor-widget elementor-widget-wt_bs_heading\" data-id=\"e1b4789\" data-element_type=\"widget\" data-widget_type=\"wt_bs_heading.default\">\n\t\t\t\t<div class=\"elementor-widget-container\">\n\t\t\t\t\t\t\t<div id=\"wt-at-e1b4789\" class=\"headng-wrap center\">\n\t\t\t<div class=\"section-heading\">\n\t\t\t\t\t\t\t\t\t\t\t<h2\n\t\t\t\t\t\t\t\t>Educaci\u00f3n Financiera<\/h2>\n\t\t\t\t\t\t\t\t\t\t\t\t<p \t\t\t\t>Talleres y asesoramiento personalizado para ayudar a los residentes a construir cr\u00e9dito, gestionar deudas y lograr estabilidad financiera a largo plazo.<\/p>\n\t\t\t\t\t\t\t<\/div>\n\t\t<\/div>\n\n\t\t\t\t\t<\/div>\n\t\t\t\t<\/div>\n\t\t\t\t<div class=\"elementor-element elementor-element-4c32bb5 elementor-view-default elementor-widget elementor-widget-icon\" data-id=\"4c32bb5\" data-element_type=\"widget\" data-widget_type=\"icon.default\">\n\t\t\t\t<div class=\"elementor-widget-container\">\n\t\t\t\t\t\t\t<div class=\"elementor-icon-wrapper\">\n\t\t\t<a class=\"elementor-icon\" href=\"https:\/\/aedpc.org\/es\/services\/\">\n\t\t\t<i aria-hidden=\"true\" class=\"las la-arrow-right\"><\/i>\t\t\t<\/a>\n\t\t<\/div>\n\t\t\t\t\t\t<\/div>\n\t\t\t\t<\/div>\n\t\t\t\t\t<\/div>\n\t\t<\/div>\n\t\t\t\t<div class=\"elementor-column elementor-col-25 elementor-top-column elementor-element elementor-element-8ad2ed1 elementor-invisible\" data-id=\"8ad2ed1\" data-element_type=\"column\" data-settings=\"{&quot;animation&quot;:&quot;fadeInUp&quot;,&quot;animation_delay&quot;:400}\">\n\t\t\t<div class=\"elementor-widget-wrap elementor-element-populated\">\n\t\t\t\t\t\t<div class=\"elementor-element elementor-element-ea92440 elementor-view-default elementor-widget elementor-widget-icon\" data-id=\"ea92440\" data-element_type=\"widget\" data-widget_type=\"icon.default\">\n\t\t\t\t<div class=\"elementor-widget-container\">\n\t\t\t\t\t\t\t<div class=\"elementor-icon-wrapper\">\n\t\t\t<div class=\"elementor-icon\">\n\t\t\t<i aria-hidden=\"true\" class=\"fas fa-file-upload\"><\/i>\t\t\t<\/div>\n\t\t<\/div>\n\t\t\t\t\t\t<\/div>\n\t\t\t\t<\/div>\n\t\t\t\t<div class=\"elementor-element elementor-element-b266f9a elementor-widget elementor-widget-wt_bs_heading\" data-id=\"b266f9a\" data-element_type=\"widget\" data-widget_type=\"wt_bs_heading.default\">\n\t\t\t\t<div class=\"elementor-widget-container\">\n\t\t\t\t\t\t\t<div id=\"wt-at-b266f9a\" class=\"headng-wrap center\">\n\t\t\t<div class=\"section-heading\">\n\t\t\t\t\t\t\t\t\t\t\t<h2\n\t\t\t\t\t\t\t\t>Asistencia Gratuita con Impuestos<\/h2>\n\t\t\t\t\t\t\t\t\t\t\t\t<p \t\t\t\t>A trav\u00e9s del programa VITA, ofrecemos preparaci\u00f3n de impuestos gratuita para ayudar a las personas a presentar sus declaraciones con precisi\u00f3n y obtener sus reembolsos.<\/p>\n\t\t\t\t\t\t\t<\/div>\n\t\t<\/div>\n\n\t\t\t\t\t<\/div>\n\t\t\t\t<\/div>\n\t\t\t\t<div class=\"elementor-element elementor-element-ee5ca5b elementor-view-default elementor-widget elementor-widget-icon\" data-id=\"ee5ca5b\" data-element_type=\"widget\" data-widget_type=\"icon.default\">\n\t\t\t\t<div class=\"elementor-widget-container\">\n\t\t\t\t\t\t\t<div class=\"elementor-icon-wrapper\">\n\t\t\t<a class=\"elementor-icon\" href=\"https:\/\/aedpc.org\/es\/services\/\">\n\t\t\t<i aria-hidden=\"true\" class=\"las la-arrow-right\"><\/i>\t\t\t<\/a>\n\t\t<\/div>\n\t\t\t\t\t\t<\/div>\n\t\t\t\t<\/div>\n\t\t\t\t\t<\/div>\n\t\t<\/div>\n\t\t\t\t<div class=\"elementor-column elementor-col-25 elementor-top-column elementor-element elementor-element-f875b8c elementor-invisible\" data-id=\"f875b8c\" data-element_type=\"column\" data-settings=\"{&quot;animation&quot;:&quot;fadeInUp&quot;,&quot;animation_delay&quot;:400}\">\n\t\t\t<div class=\"elementor-widget-wrap elementor-element-populated\">\n\t\t\t\t\t\t<div class=\"elementor-element elementor-element-67b9693 elementor-view-default elementor-widget elementor-widget-icon\" data-id=\"67b9693\" data-element_type=\"widget\" data-widget_type=\"icon.default\">\n\t\t\t\t<div class=\"elementor-widget-container\">\n\t\t\t\t\t\t\t<div class=\"elementor-icon-wrapper\">\n\t\t\t<div class=\"elementor-icon\">\n\t\t\t<i aria-hidden=\"true\" class=\"fas fa-flag-usa\"><\/i>\t\t\t<\/div>\n\t\t<\/div>\n\t\t\t\t\t\t<\/div>\n\t\t\t\t<\/div>\n\t\t\t\t<div class=\"elementor-element elementor-element-4e1d61a elementor-widget elementor-widget-wt_bs_heading\" data-id=\"4e1d61a\" data-element_type=\"widget\" data-widget_type=\"wt_bs_heading.default\">\n\t\t\t\t<div class=\"elementor-widget-container\">\n\t\t\t\t\t\t\t<div id=\"wt-at-4e1d61a\" class=\"headng-wrap center\">\n\t\t\t<div class=\"section-heading\">\n\t\t\t\t\t\t\t\t\t\t\t<h2\n\t\t\t\t\t\t\t\t>Servicios de Inmigraci\u00f3n<\/h2>\n\t\t\t\t\t\t\t\t\t\t\t\t<p \t\t\t\t>Servicios de inmigraci\u00f3n acreditados para asistir con ciudadan\u00eda, visas, peticiones y permisos de trabajo.<\/p>\n\t\t\t\t\t\t\t<\/div>\n\t\t<\/div>\n\n\t\t\t\t\t<\/div>\n\t\t\t\t<\/div>\n\t\t\t\t<div class=\"elementor-element elementor-element-e683359 elementor-view-default elementor-widget elementor-widget-icon\" data-id=\"e683359\" data-element_type=\"widget\" data-widget_type=\"icon.default\">\n\t\t\t\t<div class=\"elementor-widget-container\">\n\t\t\t\t\t\t\t<div class=\"elementor-icon-wrapper\">\n\t\t\t<a class=\"elementor-icon\" href=\"https:\/\/aedpc.org\/es\/services\/\">\n\t\t\t<i aria-hidden=\"true\" class=\"las la-arrow-right\"><\/i>\t\t\t<\/a>\n\t\t<\/div>\n\t\t\t\t\t\t<\/div>\n\t\t\t\t<\/div>\n\t\t\t\t\t<\/div>\n\t\t<\/div>\n\t\t\t\t\t<\/div>\n\t\t<\/section>\n\t\t\t\t<section class=\"elementor-section elementor-top-section elementor-element elementor-element-10e7301 elementor-section-content-middle elementor-section-boxed elementor-section-height-default elementor-section-height-default\" data-id=\"10e7301\" data-element_type=\"section\" data-settings=\"{&quot;background_background&quot;:&quot;classic&quot;}\">\n\t\t\t\t\t\t<div class=\"elementor-container elementor-column-gap-default\">\n\t\t\t\t\t<div class=\"elementor-column elementor-col-100 elementor-top-column elementor-element elementor-element-bdade82\" data-id=\"bdade82\" data-element_type=\"column\">\n\t\t\t<div class=\"elementor-widget-wrap elementor-element-populated\">\n\t\t\t\t\t\t<div class=\"elementor-element elementor-element-7db56ba elementor-invisible elementor-widget elementor-widget-wt_bs_heading\" data-id=\"7db56ba\" data-element_type=\"widget\" data-settings=\"{&quot;_animation&quot;:&quot;fadeInUp&quot;}\" data-widget_type=\"wt_bs_heading.default\">\n\t\t\t\t<div class=\"elementor-widget-container\">\n\t\t\t\t\t\t\t<div id=\"wt-at-7db56ba\" class=\"headng-wrap center\">\n\t\t\t<div class=\"section-heading\">\n\t\t\t\t\t\t\t\t\t\t\t<h2\n\t\t\t\t\t\t\t\t>Haciendo la Diferencia<br>Cambiando Vidas<\/h2>\n\t\t\t\t\t\t\t\t\t\t\t\t<p \t\t\t\t>Nuestro compromiso con la vivienda asequible, la estabilidad financiera y el empoderamiento comunitario.<\/p>\n\t\t\t\t\t\t\t<\/div>\n\t\t<\/div>\n\n\t\t\t\t\t<\/div>\n\t\t\t\t<\/div>\n\t\t\t\t<section class=\"elementor-section elementor-inner-section elementor-element elementor-element-ea84c05 elementor-section-boxed elementor-section-height-default elementor-section-height-default\" data-id=\"ea84c05\" data-element_type=\"section\">\n\t\t\t\t\t\t<div class=\"elementor-container elementor-column-gap-default\">\n\t\t\t\t\t<div class=\"elementor-column elementor-col-33 elementor-inner-column elementor-element elementor-element-04776b2 elementor-invisible\" data-id=\"04776b2\" data-element_type=\"column\" data-settings=\"{&quot;animation&quot;:&quot;fadeInUp&quot;,&quot;animation_delay&quot;:300}\">\n\t\t\t<div class=\"elementor-widget-wrap elementor-element-populated\">\n\t\t\t\t\t\t<div class=\"elementor-element elementor-element-8233767 elementor-view-default elementor-widget elementor-widget-icon\" data-id=\"8233767\" data-element_type=\"widget\" data-widget_type=\"icon.default\">\n\t\t\t\t<div class=\"elementor-widget-container\">\n\t\t\t\t\t\t\t<div class=\"elementor-icon-wrapper\">\n\t\t\t<div class=\"elementor-icon\">\n\t\t\t<i aria-hidden=\"true\" class=\"la la-hands-helping\"><\/i>\t\t\t<\/div>\n\t\t<\/div>\n\t\t\t\t\t\t<\/div>\n\t\t\t\t<\/div>\n\t\t\t\t<div class=\"elementor-element elementor-element-4d864f4 elementor-widget elementor-widget-counter\" data-id=\"4d864f4\" data-element_type=\"widget\" data-widget_type=\"counter.default\">\n\t\t\t\t<div class=\"elementor-widget-container\">\n\t\t\t\t\t\t\t<div class=\"elementor-counter\">\n\t\t\t<div class=\"elementor-counter-title\">Familias con vivienda<\/div>\t\t\t<div class=\"elementor-counter-number-wrapper\">\n\t\t\t\t<span class=\"elementor-counter-number-prefix\"><\/span>\n\t\t\t\t<span class=\"elementor-counter-number\" data-duration=\"2000\" data-to-value=\"1500\" data-from-value=\"0\" data-delimiter=\",\">0<\/span>\n\t\t\t\t<span class=\"elementor-counter-number-suffix\">+<\/span>\n\t\t\t<\/div>\n\t\t<\/div>\n\t\t\t\t\t\t<\/div>\n\t\t\t\t<\/div>\n\t\t\t\t\t<\/div>\n\t\t<\/div>\n\t\t\t\t<div class=\"elementor-column elementor-col-33 elementor-inner-column elementor-element elementor-element-83717ef elementor-invisible\" data-id=\"83717ef\" data-element_type=\"column\" data-settings=\"{&quot;animation&quot;:&quot;fadeInUp&quot;,&quot;animation_delay&quot;:400}\">\n\t\t\t<div class=\"elementor-widget-wrap elementor-element-populated\">\n\t\t\t\t\t\t<div class=\"elementor-element elementor-element-7d62265 elementor-view-default elementor-widget elementor-widget-icon\" data-id=\"7d62265\" data-element_type=\"widget\" data-widget_type=\"icon.default\">\n\t\t\t\t<div class=\"elementor-widget-container\">\n\t\t\t\t\t\t\t<div class=\"elementor-icon-wrapper\">\n\t\t\t<div class=\"elementor-icon\">\n\t\t\t<i aria-hidden=\"true\" class=\"la la-file-invoice-dollar\"><\/i>\t\t\t<\/div>\n\t\t<\/div>\n\t\t\t\t\t\t<\/div>\n\t\t\t\t<\/div>\n\t\t\t\t<div class=\"elementor-element elementor-element-7abc1f0 elementor-widget elementor-widget-counter\" data-id=\"7abc1f0\" data-element_type=\"widget\" data-widget_type=\"counter.default\">\n\t\t\t\t<div class=\"elementor-widget-container\">\n\t\t\t\t\t\t\t<div class=\"elementor-counter\">\n\t\t\t<div class=\"elementor-counter-title\">Declaraciones de impuestos preparadas<\/div>\t\t\t<div class=\"elementor-counter-number-wrapper\">\n\t\t\t\t<span class=\"elementor-counter-number-prefix\"><\/span>\n\t\t\t\t<span class=\"elementor-counter-number\" data-duration=\"2000\" data-to-value=\"5600\" data-from-value=\"0\" data-delimiter=\",\">0<\/span>\n\t\t\t\t<span class=\"elementor-counter-number-suffix\">+<\/span>\n\t\t\t<\/div>\n\t\t<\/div>\n\t\t\t\t\t\t<\/div>\n\t\t\t\t<\/div>\n\t\t\t\t\t<\/div>\n\t\t<\/div>\n\t\t\t\t<div class=\"elementor-column elementor-col-33 elementor-inner-column elementor-element elementor-element-1372e24 elementor-invisible\" data-id=\"1372e24\" data-element_type=\"column\" data-settings=\"{&quot;animation&quot;:&quot;fadeInUp&quot;,&quot;animation_delay&quot;:500}\">\n\t\t\t<div class=\"elementor-widget-wrap elementor-element-populated\">\n\t\t\t\t\t\t<div class=\"elementor-element elementor-element-c03d34d elementor-view-default elementor-widget elementor-widget-icon\" data-id=\"c03d34d\" data-element_type=\"widget\" data-widget_type=\"icon.default\">\n\t\t\t\t<div class=\"elementor-widget-container\">\n\t\t\t\t\t\t\t<div class=\"elementor-icon-wrapper\">\n\t\t\t<div class=\"elementor-icon\">\n\t\t\t<i aria-hidden=\"true\" class=\"la la-money-check-alt\"><\/i>\t\t\t<\/div>\n\t\t<\/div>\n\t\t\t\t\t\t<\/div>\n\t\t\t\t<\/div>\n\t\t\t\t<div class=\"elementor-element elementor-element-630c2d6 elementor-widget elementor-widget-counter\" data-id=\"630c2d6\" data-element_type=\"widget\" data-widget_type=\"counter.default\">\n\t\t\t\t<div class=\"elementor-widget-container\">\n\t\t\t\t\t\t\t<div class=\"elementor-counter\">\n\t\t\t<div class=\"elementor-counter-title\">En reembolsos de impuestos asegurados<\/div>\t\t\t<div class=\"elementor-counter-number-wrapper\">\n\t\t\t\t<span class=\"elementor-counter-number-prefix\">$<\/span>\n\t\t\t\t<span class=\"elementor-counter-number\" data-duration=\"2000\" data-to-value=\"9\" data-from-value=\"0\" data-delimiter=\",\">0<\/span>\n\t\t\t\t<span class=\"elementor-counter-number-suffix\">M+<\/span>\n\t\t\t<\/div>\n\t\t<\/div>\n\t\t\t\t\t\t<\/div>\n\t\t\t\t<\/div>\n\t\t\t\t\t<\/div>\n\t\t<\/div>\n\t\t\t\t\t<\/div>\n\t\t<\/section>\n\t\t\t\t\t<\/div>\n\t\t<\/div>\n\t\t\t\t\t<\/div>\n\t\t<\/section>\n\t\t\t\t<section class=\"elementor-section elementor-top-section elementor-element elementor-element-210219b elementor-section-height-min-height elementor-section-boxed elementor-section-height-default elementor-section-items-middle\" data-id=\"210219b\" data-element_type=\"section\" data-settings=\"{&quot;background_background&quot;:&quot;classic&quot;}\">\n\t\t\t\t\t\t<div class=\"elementor-container elementor-column-gap-default\">\n\t\t\t\t\t<div class=\"elementor-column elementor-col-100 elementor-top-column elementor-element elementor-element-102fd6b\" data-id=\"102fd6b\" data-element_type=\"column\">\n\t\t\t<div class=\"elementor-widget-wrap elementor-element-populated\">\n\t\t\t\t\t\t<div class=\"elementor-element elementor-element-1f44b62 elementor-invisible elementor-widget elementor-widget-wt_bs_heading\" data-id=\"1f44b62\" data-element_type=\"widget\" data-settings=\"{&quot;_animation&quot;:&quot;fadeInUp&quot;}\" data-widget_type=\"wt_bs_heading.default\">\n\t\t\t\t<div class=\"elementor-widget-container\">\n\t\t\t\t\t\t\t<div id=\"wt-at-1f44b62\" class=\"headng-wrap center\">\n\t\t\t<div class=\"section-heading\">\n\t\t\t\t\t\t\t\t\t\t\t<h2\n\t\t\t\t\t\t\t\t>Nuestro equipo esta listo para ayudarte<\/h2>\n\t\t\t\t\t\t\t\t\t\t\t\t<p \t\t\t\t>Cont\u00e1ctanos para conocer m\u00e1s acerca de nuestros servicios o para agendar una cita.<\/p>\n\t\t\t\t\t\t\t<\/div>\n\t\t<\/div>\n\n\t\t\t\t\t<\/div>\n\t\t\t\t<\/div>\n\t\t\t\t<div class=\"elementor-element elementor-element-19a38a3 wt-align-center elementor-invisible elementor-widget elementor-widget-wt_bs_button\" data-id=\"19a38a3\" data-element_type=\"widget\" data-settings=\"{&quot;_animation&quot;:&quot;fadeInUp&quot;,&quot;_animation_delay&quot;:300}\" data-widget_type=\"wt_bs_button.default\">\n\t\t\t\t<div class=\"elementor-widget-container\">\n\t\t\t\t\t\t\t<div id=\"wt-at-19a38a3\" class=\"wt-button-wrap\">\n\t\t\t<a class=\"wt-btn\" href=\"https:\/\/aedpc.org\/es\/contact-us\/\" rel=\"nofollow\"><span >P\u00f3ngase en contacto con nosotros<\/span><\/a>\t\t<\/div>\n\n\t\t\t\t\t<\/div>\n\t\t\t\t<\/div>\n\t\t\t\t\t<\/div>\n\t\t<\/div>\n\t\t\t\t\t<\/div>\n\t\t<\/section>\n\t\t\t\t<\/div>","protected":false},"excerpt":{"rendered":"<p>Building Communities Safe HomesBright Future Over 1,500 families have benefitedfrom affordable housing Learn More Empowering Families Financial Educationfor a Better Tomorrow Programs that strengthenour community\u2019s financial stability Explore Our Services Preserving Our History Strong RootsUnited Community Preserving the legacyand identity of Barrio Azteca Get to Know Us Affordable Housing We provide affordable housing solutions for<\/p>","protected":false},"author":1,"featured_media":0,"parent":0,"menu_order":0,"comment_status":"closed","ping_status":"closed","template":"empty-template.php","meta":{"_acf_changed":false,"footnotes":""},"class_list":["post-2852","page","type-page","status-publish","hentry"],"acf":[],"_links":{"self":[{"href":"https:\/\/aedpc.org\/es\/wp-json\/wp\/v2\/pages\/2852","targetHints":{"allow":["GET"]}}],"collection":[{"href":"https:\/\/aedpc.org\/es\/wp-json\/wp\/v2\/pages"}],"about":[{"href":"https:\/\/aedpc.org\/es\/wp-json\/wp\/v2\/types\/page"}],"author":[{"embeddable":true,"href":"https:\/\/aedpc.org\/es\/wp-json\/wp\/v2\/users\/1"}],"replies":[{"embeddable":true,"href":"https:\/\/aedpc.org\/es\/wp-json\/wp\/v2\/comments?post=2852"}],"version-history":[{"count":68,"href":"https:\/\/aedpc.org\/es\/wp-json\/wp\/v2\/pages\/2852\/revisions"}],"predecessor-version":[{"id":10942,"href":"https:\/\/aedpc.org\/es\/wp-json\/wp\/v2\/pages\/2852\/revisions\/10942"}],"wp:attachment":[{"href":"https:\/\/aedpc.org\/es\/wp-json\/wp\/v2\/media?parent=2852"}],"curies":[{"name":"wp","href":"https:\/\/api.w.org\/{rel}","templated":true}]}}