{"id":7332,"date":"2021-10-04T09:44:25","date_gmt":"2021-10-04T09:44:25","guid":{"rendered":"https:\/\/enova.dynamiclayers.net\/?page_id=7332"},"modified":"2025-02-12T21:21:59","modified_gmt":"2025-02-12T21:21:59","slug":"about-us","status":"publish","type":"page","link":"https:\/\/aedpc.org\/es\/about-us\/","title":{"rendered":"About US"},"content":{"rendered":"<div data-elementor-type=\"wp-page\" data-elementor-id=\"7332\" class=\"elementor elementor-7332\">\n\t\t\t\t\t\t<section class=\"elementor-section elementor-top-section elementor-element elementor-element-17a513b elementor-section-height-min-height elementor-section-boxed elementor-section-height-default elementor-section-items-middle\" data-id=\"17a513b\" data-element_type=\"section\" data-settings=\"{&quot;background_background&quot;:&quot;classic&quot;}\">\n\t\t\t\t\t\t<div class=\"elementor-container elementor-column-gap-default\">\n\t\t\t\t\t<div class=\"elementor-column elementor-col-100 elementor-top-column elementor-element elementor-element-bdbd51b\" data-id=\"bdbd51b\" data-element_type=\"column\">\n\t\t\t<div class=\"elementor-widget-wrap elementor-element-populated\">\n\t\t\t\t\t\t<div class=\"elementor-element elementor-element-1c03f51 elementor-widget elementor-widget-wt_bs_heading\" data-id=\"1c03f51\" data-element_type=\"widget\" data-widget_type=\"wt_bs_heading.default\">\n\t\t\t\t<div class=\"elementor-widget-container\">\n\t\t\t\t\t\t\t<div id=\"wt-at-1c03f51\" class=\"headng-wrap center\">\n\t\t\t<div class=\"section-heading\">\n\t\t\t\t\t\t\t<h4\n\t\t\t\t\t\t\t\t>Nosotros<\/h4>\n\t\t\t\t\t\t\t\t\t\t\t\t<h2\n\t\t\t\t\t\t\t\t>Comprometidos con el crecimiento y la preservaci\u00f3n de la comunidad<\/h2>\n\t\t\t\t\t\t\t\t\t\t\t\t<p \t\t\t\t>Fortaleciendo Barrio Azteca a trav\u00e9s de vivienda, educaci\u00f3n y empoderamiento econ\u00f3mico desde 1982.<\/p>\n\t\t\t\t\t\t\t<\/div>\n\t\t<\/div>\n\n\t\t\t\t\t<\/div>\n\t\t\t\t<\/div>\n\t\t\t\t\t<\/div>\n\t\t<\/div>\n\t\t\t\t\t<\/div>\n\t\t<\/section>\n\t\t\t\t<section class=\"elementor-section elementor-top-section elementor-element elementor-element-463e8a1 elementor-section-content-middle elementor-section-boxed elementor-section-height-default elementor-section-height-default\" data-id=\"463e8a1\" data-element_type=\"section\" data-settings=\"{&quot;background_background&quot;:&quot;classic&quot;}\">\n\t\t\t\t\t\t<div class=\"elementor-container elementor-column-gap-default\">\n\t\t\t\t\t<div class=\"elementor-column elementor-col-100 elementor-top-column elementor-element elementor-element-15e90c5\" data-id=\"15e90c5\" data-element_type=\"column\">\n\t\t\t<div class=\"elementor-widget-wrap elementor-element-populated\">\n\t\t\t\t\t\t<div class=\"elementor-element elementor-element-1f1d989 elementor-invisible elementor-widget elementor-widget-wt_bs_heading\" data-id=\"1f1d989\" data-element_type=\"widget\" data-settings=\"{&quot;_animation&quot;:&quot;fadeInUp&quot;}\" data-widget_type=\"wt_bs_heading.default\">\n\t\t\t\t<div class=\"elementor-widget-container\">\n\t\t\t\t\t\t\t<div id=\"wt-at-1f1d989\" class=\"headng-wrap left\">\n\t\t\t<div class=\"section-heading\">\n\t\t\t\t\t\t\t\t\t\t\t<h2\n\t\t\t\t\t\t\t\t>Quienes somos<\/h2>\n\t\t\t\t\t\t\t\t\t\t\t\t<p \t\t\t\t>Azteca Economic Development se estableci\u00f3 en febrero de 1982 y est\u00e1 comprometida con la preservaci\u00f3n del Barrio Azteca, uno de los barrios residenciales m\u00e1s antiguos e hist\u00f3ricamente reconocidos de Laredo. Nuestro objetivo es preservar las ra\u00edces culturales y la integridad econ\u00f3mica mediante el desarrollo de viviendas asequibles y oportunidades para personas de bajos ingresos.\n<br><br>\nAzteca Economic Development desempe\u00f1\u00f3 un papel clave en el desarrollo de la Coalici\u00f3n de Vivienda de Bajos Ingresos de la Frontera de Texas en la d\u00e9cada de 1990, creando m\u00faltiples programas de vivienda para abordar las necesidades de personas de bajos recursos que viven en colonias y comunidades a lo largo de la frontera Texas-M\u00e9xico.\n<br><br>\nDesde 1997, m\u00e1s de 1,500 familias de bajos ingresos han recibido asistencia de vivienda a trav\u00e9s de Azteca Economic Development and Preservation Corporation, garantizando que nunca paguen m\u00e1s del 30% de sus ingresos en alquiler.<\/p>\n\t\t\t\t\t\t\t<\/div>\n\t\t<\/div>\n\n\t\t\t\t\t<\/div>\n\t\t\t\t<\/div>\n\t\t\t\t\t<\/div>\n\t\t<\/div>\n\t\t\t\t\t<\/div>\n\t\t<\/section>\n\t\t\t\t<section class=\"elementor-section elementor-top-section elementor-element elementor-element-a7897b0 elementor-section-content-middle elementor-section-boxed elementor-section-height-default elementor-section-height-default\" data-id=\"a7897b0\" data-element_type=\"section\" data-settings=\"{&quot;background_background&quot;:&quot;classic&quot;}\">\n\t\t\t\t\t\t<div class=\"elementor-container elementor-column-gap-default\">\n\t\t\t\t\t<div class=\"elementor-column elementor-col-50 elementor-top-column elementor-element elementor-element-89ffe5c elementor-invisible\" data-id=\"89ffe5c\" data-element_type=\"column\" data-settings=\"{&quot;animation&quot;:&quot;fadeInLeft&quot;}\">\n\t\t\t<div class=\"elementor-widget-wrap elementor-element-populated\">\n\t\t\t\t\t\t<div class=\"elementor-element elementor-element-af20b10 elementor-widget elementor-widget-wt_bs_heading\" data-id=\"af20b10\" data-element_type=\"widget\" data-widget_type=\"wt_bs_heading.default\">\n\t\t\t\t<div class=\"elementor-widget-container\">\n\t\t\t\t\t\t\t<div id=\"wt-at-af20b10\" class=\"headng-wrap left\">\n\t\t\t<div class=\"section-heading\">\n\t\t\t\t\t\t\t\t\t\t\t<h2\n\t\t\t\t\t\t\t\t>Nuestra Misi\u00f3n<\/h2>\n\t\t\t\t\t\t\t\t\t\t\t\t<p \t\t\t\t>Azteca Economic Development &amp; Preservation Corporation es una corporaci\u00f3n de desarrollo comunitario sin fines de lucro cuya misi\u00f3n es brindar viviendas seguras y asequibles y ayudar a los residentes del \u00e1rea a lograr la autosuficiencia.<\/p>\n\t\t\t\t\t\t\t<\/div>\n\t\t<\/div>\n\n\t\t\t\t\t<\/div>\n\t\t\t\t<\/div>\n\t\t\t\t\t<\/div>\n\t\t<\/div>\n\t\t\t\t<div class=\"elementor-column elementor-col-50 elementor-top-column elementor-element elementor-element-9d54ff9 elementor-invisible\" data-id=\"9d54ff9\" data-element_type=\"column\" data-settings=\"{&quot;animation&quot;:&quot;fadeInRight&quot;}\">\n\t\t\t<div class=\"elementor-widget-wrap elementor-element-populated\">\n\t\t\t\t\t\t<div class=\"elementor-element elementor-element-243bc28 elementor-widget elementor-widget-wt-bs-videobox\" data-id=\"243bc28\" data-element_type=\"widget\" data-widget_type=\"wt-bs-videobox.default\">\n\t\t\t\t<div class=\"elementor-widget-container\">\n\t\t\t\t\t        <div class=\"dl-video-box-wrap\">\n            <img fetchpriority=\"high\" decoding=\"async\" width=\"1200\" height=\"800\" src=\"https:\/\/aedpc.org\/wp-content\/uploads\/2025\/02\/apts-01.webp\" class=\"attachment-full size-full wp-image-10670\" alt=\"\" srcset=\"https:\/\/aedpc.org\/wp-content\/uploads\/2025\/02\/apts-01.webp 1200w, https:\/\/aedpc.org\/wp-content\/uploads\/2025\/02\/apts-01-300x200.webp 300w, https:\/\/aedpc.org\/wp-content\/uploads\/2025\/02\/apts-01-1024x683.webp 1024w, https:\/\/aedpc.org\/wp-content\/uploads\/2025\/02\/apts-01-768x512.webp 768w\" sizes=\"(max-width: 1200px) 100vw, 1200px\" \/>\t\t\t        <\/div>\n        \t\t\t\t<\/div>\n\t\t\t\t<\/div>\n\t\t\t\t\t<\/div>\n\t\t<\/div>\n\t\t\t\t\t<\/div>\n\t\t<\/section>\n\t\t\t\t<section class=\"elementor-section elementor-top-section elementor-element elementor-element-2c15175 elementor-section-content-middle elementor-section-boxed elementor-section-height-default elementor-section-height-default\" data-id=\"2c15175\" data-element_type=\"section\" data-settings=\"{&quot;background_background&quot;:&quot;classic&quot;}\">\n\t\t\t\t\t\t<div class=\"elementor-container elementor-column-gap-default\">\n\t\t\t\t\t<div class=\"elementor-column elementor-col-100 elementor-top-column elementor-element elementor-element-a34e0e0\" data-id=\"a34e0e0\" data-element_type=\"column\">\n\t\t\t<div class=\"elementor-widget-wrap elementor-element-populated\">\n\t\t\t\t\t\t<div class=\"elementor-element elementor-element-50289fb elementor-invisible elementor-widget elementor-widget-wt_bs_heading\" data-id=\"50289fb\" data-element_type=\"widget\" data-settings=\"{&quot;_animation&quot;:&quot;fadeInUp&quot;}\" data-widget_type=\"wt_bs_heading.default\">\n\t\t\t\t<div class=\"elementor-widget-container\">\n\t\t\t\t\t\t\t<div id=\"wt-at-50289fb\" class=\"headng-wrap center\">\n\t\t\t<div class=\"section-heading\">\n\t\t\t\t\t\t\t\t\t\t\t<h2\n\t\t\t\t\t\t\t\t>Nuestras Metas y Objetivos<\/h2>\n\t\t\t\t\t\t\t\t\t\t\t\t<p \t\t\t\t>Nuestra misi\u00f3n es proporcionar servicios integrales en el Barrio Azteca que promuevan y mantengan oportunidades econ\u00f3micas, utilizando el modelo de \u00c9xito Econ\u00f3mico Familiar (FES), una iniciativa desarrollada por la Fundaci\u00f3n Annie E. Casey.\n<br>\n<br>\nLa iniciativa de \u00c9xito Econ\u00f3mico Familiar se enfoca en tres componentes clave:<\/p>\n\t\t\t\t\t\t\t<\/div>\n\t\t<\/div>\n\n\t\t\t\t\t<\/div>\n\t\t\t\t<\/div>\n\t\t\t\t<section class=\"elementor-section elementor-inner-section elementor-element elementor-element-e484382 elementor-section-boxed elementor-section-height-default elementor-section-height-default\" data-id=\"e484382\" data-element_type=\"section\">\n\t\t\t\t\t\t<div class=\"elementor-container elementor-column-gap-default\">\n\t\t\t\t\t<div class=\"elementor-column elementor-col-33 elementor-inner-column elementor-element elementor-element-3376a7d elementor-invisible\" data-id=\"3376a7d\" data-element_type=\"column\" data-settings=\"{&quot;animation&quot;:&quot;fadeInUp&quot;}\">\n\t\t\t<div class=\"elementor-widget-wrap elementor-element-populated\">\n\t\t\t\t\t\t<div class=\"elementor-element elementor-element-48b1a63 elementor-view-default elementor-widget elementor-widget-icon\" data-id=\"48b1a63\" data-element_type=\"widget\" data-widget_type=\"icon.default\">\n\t\t\t\t<div class=\"elementor-widget-container\">\n\t\t\t\t\t\t\t<div class=\"elementor-icon-wrapper\">\n\t\t\t<div class=\"elementor-icon\">\n\t\t\t<i aria-hidden=\"true\" class=\"far fa-building\"><\/i>\t\t\t<\/div>\n\t\t<\/div>\n\t\t\t\t\t\t<\/div>\n\t\t\t\t<\/div>\n\t\t\t\t<div class=\"elementor-element elementor-element-00c39cf elementor-widget elementor-widget-wt_bs_heading\" data-id=\"00c39cf\" data-element_type=\"widget\" data-widget_type=\"wt_bs_heading.default\">\n\t\t\t\t<div class=\"elementor-widget-container\">\n\t\t\t\t\t\t\t<div id=\"wt-at-00c39cf\" class=\"headng-wrap center\">\n\t\t\t<div class=\"section-heading\">\n\t\t\t\t\t\t\t\t\t\t\t<h2\n\t\t\t\t\t\t\t\t>Creaci\u00f3n de Activos<\/h2>\n\t\t\t\t\t\t\t\t\t\t\t\t<p \t\t\t\t>Estrategias para ayudar a las familias a generar riqueza y ahorrar para el futuro.<\/p>\n\t\t\t\t\t\t\t<\/div>\n\t\t<\/div>\n\n\t\t\t\t\t<\/div>\n\t\t\t\t<\/div>\n\t\t\t\t\t<\/div>\n\t\t<\/div>\n\t\t\t\t<div class=\"elementor-column elementor-col-33 elementor-inner-column elementor-element elementor-element-ebd3c5b elementor-invisible\" data-id=\"ebd3c5b\" data-element_type=\"column\" data-settings=\"{&quot;animation&quot;:&quot;fadeInUp&quot;}\">\n\t\t\t<div class=\"elementor-widget-wrap elementor-element-populated\">\n\t\t\t\t\t\t<div class=\"elementor-element elementor-element-2f92a03 elementor-view-default elementor-widget elementor-widget-icon\" data-id=\"2f92a03\" data-element_type=\"widget\" data-widget_type=\"icon.default\">\n\t\t\t\t<div class=\"elementor-widget-container\">\n\t\t\t\t\t\t\t<div class=\"elementor-icon-wrapper\">\n\t\t\t<div class=\"elementor-icon\">\n\t\t\t<i aria-hidden=\"true\" class=\"far fa-money-bill-alt\"><\/i>\t\t\t<\/div>\n\t\t<\/div>\n\t\t\t\t\t\t<\/div>\n\t\t\t\t<\/div>\n\t\t\t\t<div class=\"elementor-element elementor-element-ee79d45 elementor-widget elementor-widget-wt_bs_heading\" data-id=\"ee79d45\" data-element_type=\"widget\" data-widget_type=\"wt_bs_heading.default\">\n\t\t\t\t<div class=\"elementor-widget-container\">\n\t\t\t\t\t\t\t<div id=\"wt-at-ee79d45\" class=\"headng-wrap center\">\n\t\t\t<div class=\"section-heading\">\n\t\t\t\t\t\t\t\t\t\t\t<h2\n\t\t\t\t\t\t\t\t>Apoyo Econ\u00f3mico Familiar<\/h2>\n\t\t\t\t\t\t\t\t\t\t\t\t<p \t\t\t\t>Asistencia p\u00fablica y privada para ayudar a las familias a establecer cr\u00e9dito, reducir deudas y aumentar su seguridad financiera.<\/p>\n\t\t\t\t\t\t\t<\/div>\n\t\t<\/div>\n\n\t\t\t\t\t<\/div>\n\t\t\t\t<\/div>\n\t\t\t\t\t<\/div>\n\t\t<\/div>\n\t\t\t\t<div class=\"elementor-column elementor-col-33 elementor-inner-column elementor-element elementor-element-9826c00 elementor-invisible\" data-id=\"9826c00\" data-element_type=\"column\" data-settings=\"{&quot;animation&quot;:&quot;fadeInUp&quot;}\">\n\t\t\t<div class=\"elementor-widget-wrap elementor-element-populated\">\n\t\t\t\t\t\t<div class=\"elementor-element elementor-element-dbe2f8a elementor-view-default elementor-widget elementor-widget-icon\" data-id=\"dbe2f8a\" data-element_type=\"widget\" data-widget_type=\"icon.default\">\n\t\t\t\t<div class=\"elementor-widget-container\">\n\t\t\t\t\t\t\t<div class=\"elementor-icon-wrapper\">\n\t\t\t<div class=\"elementor-icon\">\n\t\t\t<i aria-hidden=\"true\" class=\"fas fa-graduation-cap\"><\/i>\t\t\t<\/div>\n\t\t<\/div>\n\t\t\t\t\t\t<\/div>\n\t\t\t\t<\/div>\n\t\t\t\t<div class=\"elementor-element elementor-element-7c15447 elementor-widget elementor-widget-wt_bs_heading\" data-id=\"7c15447\" data-element_type=\"widget\" data-widget_type=\"wt_bs_heading.default\">\n\t\t\t\t<div class=\"elementor-widget-container\">\n\t\t\t\t\t\t\t<div id=\"wt-at-7c15447\" class=\"headng-wrap center\">\n\t\t\t<div class=\"section-heading\">\n\t\t\t\t\t\t\t\t\t\t\t<h2\n\t\t\t\t\t\t\t\t>Desarrollo de la Fuerza Laboral<\/h2>\n\t\t\t\t\t\t\t\t\t\t\t\t<p \t\t\t\t>Habilidades y educaci\u00f3n necesarias para acceder a empleos de calidad y desarrollar carreras a largo plazo.<\/p>\n\t\t\t\t\t\t\t<\/div>\n\t\t<\/div>\n\n\t\t\t\t\t<\/div>\n\t\t\t\t<\/div>\n\t\t\t\t\t<\/div>\n\t\t<\/div>\n\t\t\t\t\t<\/div>\n\t\t<\/section>\n\t\t\t\t\t<\/div>\n\t\t<\/div>\n\t\t\t\t\t<\/div>\n\t\t<\/section>\n\t\t\t\t<section class=\"elementor-section elementor-top-section elementor-element elementor-element-9989ee4 elementor-section-content-middle elementor-section-boxed elementor-section-height-default elementor-section-height-default\" data-id=\"9989ee4\" data-element_type=\"section\" data-settings=\"{&quot;background_background&quot;:&quot;classic&quot;}\">\n\t\t\t\t\t\t<div class=\"elementor-container elementor-column-gap-default\">\n\t\t\t\t\t<div class=\"elementor-column elementor-col-100 elementor-top-column elementor-element elementor-element-a17d802\" data-id=\"a17d802\" data-element_type=\"column\">\n\t\t\t<div class=\"elementor-widget-wrap elementor-element-populated\">\n\t\t\t\t\t\t<div class=\"elementor-element elementor-element-9203c15 elementor-invisible elementor-widget elementor-widget-wt_bs_heading\" data-id=\"9203c15\" data-element_type=\"widget\" data-settings=\"{&quot;_animation&quot;:&quot;fadeInUp&quot;}\" data-widget_type=\"wt_bs_heading.default\">\n\t\t\t\t<div class=\"elementor-widget-container\">\n\t\t\t\t\t\t\t<div id=\"wt-at-9203c15\" class=\"headng-wrap center\">\n\t\t\t<div class=\"section-heading\">\n\t\t\t\t\t\t\t\t\t\t\t<h2\n\t\t\t\t\t\t\t\t>Expandiendo Nuestros Servicios<\/h2>\n\t\t\t\t\t\t\t\t\t\t\t\t<p \t\t\t\t>Desde 2017, Azteca Economic Development ha ampliado sus servicios para incluir:<\/p>\n\t\t\t\t\t\t\t<\/div>\n\t\t<\/div>\n\n\t\t\t\t\t<\/div>\n\t\t\t\t<\/div>\n\t\t\t\t<section class=\"elementor-section elementor-inner-section elementor-element elementor-element-e08d0ba elementor-section-boxed elementor-section-height-default elementor-section-height-default\" data-id=\"e08d0ba\" data-element_type=\"section\">\n\t\t\t\t\t\t<div class=\"elementor-container elementor-column-gap-default\">\n\t\t\t\t\t<div class=\"elementor-column elementor-col-50 elementor-inner-column elementor-element elementor-element-b5ea918 elementor-invisible\" data-id=\"b5ea918\" data-element_type=\"column\" data-settings=\"{&quot;animation&quot;:&quot;fadeInUp&quot;}\">\n\t\t\t<div class=\"elementor-widget-wrap elementor-element-populated\">\n\t\t\t\t\t\t<div class=\"elementor-element elementor-element-92b1e72 elementor-widget elementor-widget-wt-bs-list\" data-id=\"92b1e72\" data-element_type=\"widget\" data-widget_type=\"wt-bs-list.default\">\n\t\t\t\t<div class=\"elementor-widget-container\">\n\t\t\t\t\t<ul class=\"wt-list\"><li class=\"list-item\"><span class=\"list-icon\"><i class=\"fas fa-check\"><\/i><\/span><h4>Vivienda de Bajos Ingresos<\/h4><p>Viviendas seguras y asequibles para familias e individuos de bajos ingresos.<\/p><\/li><li class=\"list-item\"><span class=\"list-icon\"><i class=\"fas fa-check\"><\/i><\/span><h4>Educaci\u00f3n Financiera<\/h4><p>Talleres y asesor\u00edas para presupuestos, cr\u00e9ditos y manejo de deudas.<\/p><\/li><li class=\"list-item\"><span class=\"list-icon\"><i class=\"fas fa-check\"><\/i><\/span><h4>Educaci\u00f3n para Compradores de Vivienda<\/h4><p>Gu\u00eda sobre hipotecas, presupuestos y compra de viviendas por primera vez.<\/p><\/li><\/ul>\t\t\t\t<\/div>\n\t\t\t\t<\/div>\n\t\t\t\t\t<\/div>\n\t\t<\/div>\n\t\t\t\t<div class=\"elementor-column elementor-col-50 elementor-inner-column elementor-element elementor-element-ded3aa5 elementor-invisible\" data-id=\"ded3aa5\" data-element_type=\"column\" data-settings=\"{&quot;animation&quot;:&quot;fadeInUp&quot;,&quot;animation_delay&quot;:300}\">\n\t\t\t<div class=\"elementor-widget-wrap elementor-element-populated\">\n\t\t\t\t\t\t<div class=\"elementor-element elementor-element-205a5b1 elementor-widget elementor-widget-wt-bs-list\" data-id=\"205a5b1\" data-element_type=\"widget\" data-widget_type=\"wt-bs-list.default\">\n\t\t\t\t<div class=\"elementor-widget-container\">\n\t\t\t\t\t<ul class=\"wt-list\"><li class=\"list-item\"><span class=\"list-icon\"><i class=\"fas fa-check\"><\/i><\/span><h4>Servicios de Inmigraci\u00f3n<\/h4><p>Asistencia legal para visas, peticiones y solicitudes de ciudadan\u00eda.<\/p><\/li><li class=\"list-item\"><span class=\"list-icon\"><i class=\"fas fa-check\"><\/i><\/span><h4>Apoyo a Emprendedores<\/h4><p>Asesor\u00eda para emprendedores en planificaci\u00f3n y gesti\u00f3n financiera.<\/p><\/li><li class=\"list-item\"><span class=\"list-icon\"><i class=\"fas fa-check\"><\/i><\/span><h4>Preparaci\u00f3n de Impuestos<\/h4><p>Asistencia gratuita en la presentaci\u00f3n de impuestos a trav\u00e9s del Programa VITA.<\/p><\/li><\/ul>\t\t\t\t<\/div>\n\t\t\t\t<\/div>\n\t\t\t\t\t<\/div>\n\t\t<\/div>\n\t\t\t\t\t<\/div>\n\t\t<\/section>\n\t\t\t\t\t<\/div>\n\t\t<\/div>\n\t\t\t\t\t<\/div>\n\t\t<\/section>\n\t\t\t\t<\/div>","protected":false},"excerpt":{"rendered":"<p>About Us Committed to Community Growth &#038; Preservation Strengthening Barrio Azteca through housing, education, and economic empowerment since 1982. Who We Are Azteca Economic Development was established in February 1982 and is committed to preserving Barrio Azteca, one of Laredo\u2019s oldest and most historically recognized residential neighborhoods. Our goal is to preserve cultural roots and<\/p>","protected":false},"author":1,"featured_media":0,"parent":0,"menu_order":0,"comment_status":"closed","ping_status":"closed","template":"empty-template.php","meta":{"_acf_changed":false,"footnotes":""},"class_list":["post-7332","page","type-page","status-publish","hentry"],"acf":[],"_links":{"self":[{"href":"https:\/\/aedpc.org\/es\/wp-json\/wp\/v2\/pages\/7332","targetHints":{"allow":["GET"]}}],"collection":[{"href":"https:\/\/aedpc.org\/es\/wp-json\/wp\/v2\/pages"}],"about":[{"href":"https:\/\/aedpc.org\/es\/wp-json\/wp\/v2\/types\/page"}],"author":[{"embeddable":true,"href":"https:\/\/aedpc.org\/es\/wp-json\/wp\/v2\/users\/1"}],"replies":[{"embeddable":true,"href":"https:\/\/aedpc.org\/es\/wp-json\/wp\/v2\/comments?post=7332"}],"version-history":[{"count":86,"href":"https:\/\/aedpc.org\/es\/wp-json\/wp\/v2\/pages\/7332\/revisions"}],"predecessor-version":[{"id":10898,"href":"https:\/\/aedpc.org\/es\/wp-json\/wp\/v2\/pages\/7332\/revisions\/10898"}],"wp:attachment":[{"href":"https:\/\/aedpc.org\/es\/wp-json\/wp\/v2\/media?parent=7332"}],"curies":[{"name":"wp","href":"https:\/\/api.w.org\/{rel}","templated":true}]}}